{"id":1395,"date":"2021-11-26T22:09:10","date_gmt":"2021-11-26T22:09:10","guid":{"rendered":"https:\/\/www.pmotraducciones.com\/?page_id=1395"},"modified":"2021-11-30T21:50:41","modified_gmt":"2021-11-30T21:50:41","slug":"interpretaciones","status":"publish","type":"page","link":"http:\/\/www.pmotraducciones.com\/en\/traducciones-en-lima\/interpretaciones\/","title":{"rendered":"Interpretations"},"content":{"rendered":"<div data-elementor-type=\"wp-page\" data-elementor-id=\"1395\" class=\"elementor elementor-1395\">\n\t\t\t\t\t\t\t\t\t<section class=\"elementor-section elementor-top-section elementor-element elementor-element-4e23fc6a elementor-section-boxed elementor-section-height-default elementor-section-height-default\" data-id=\"4e23fc6a\" data-element_type=\"section\">\n\t\t\t\t\t\t<div class=\"elementor-container elementor-column-gap-default\">\n\t\t\t\t\t<div class=\"elementor-column elementor-col-33 elementor-top-column elementor-element elementor-element-5d50b0a7\" data-id=\"5d50b0a7\" data-element_type=\"column\">\n\t\t\t<div class=\"elementor-widget-wrap elementor-element-populated\">\n\t\t\t\t\t\t\t\t<div class=\"elementor-element elementor-element-7bb2bf34 elementor-widget elementor-widget-heading\" data-id=\"7bb2bf34\" data-element_type=\"widget\" data-widget_type=\"heading.default\">\n\t\t\t\t<div class=\"elementor-widget-container\">\n\t\t\t<style>\/*! elementor - v3.10.1 - 17-01-2023 *\/\n.elementor-heading-title{padding:0;margin:0;line-height:1}.elementor-widget-heading .elementor-heading-title[class*=elementor-size-]>a{color:inherit;font-size:inherit;line-height:inherit}.elementor-widget-heading .elementor-heading-title.elementor-size-small{font-size:15px}.elementor-widget-heading .elementor-heading-title.elementor-size-medium{font-size:19px}.elementor-widget-heading .elementor-heading-title.elementor-size-large{font-size:29px}.elementor-widget-heading .elementor-heading-title.elementor-size-xl{font-size:39px}.elementor-widget-heading .elementor-heading-title.elementor-size-xxl{font-size:59px}<\/style><h5 class=\"elementor-heading-title elementor-size-default\">Our Services<\/h5>\t\t<\/div>\n\t\t\t\t<\/div>\n\t\t\t\t<div class=\"elementor-element elementor-element-65ba6513 elementor-position-left elementor-vertical-align-middle elementor-widget elementor-widget-image-box\" data-id=\"65ba6513\" data-element_type=\"widget\" data-widget_type=\"image-box.default\">\n\t\t\t\t<div class=\"elementor-widget-container\">\n\t\t\t<style>\/*! elementor - v3.10.1 - 17-01-2023 *\/\n.elementor-widget-image-box .elementor-image-box-content{width:100%}@media (min-width:768px){.elementor-widget-image-box.elementor-position-left .elementor-image-box-wrapper,.elementor-widget-image-box.elementor-position-right .elementor-image-box-wrapper{display:flex}.elementor-widget-image-box.elementor-position-right .elementor-image-box-wrapper{text-align:right;flex-direction:row-reverse}.elementor-widget-image-box.elementor-position-left .elementor-image-box-wrapper{text-align:left;flex-direction:row}.elementor-widget-image-box.elementor-position-top .elementor-image-box-img{margin:auto}.elementor-widget-image-box.elementor-vertical-align-top .elementor-image-box-wrapper{align-items:flex-start}.elementor-widget-image-box.elementor-vertical-align-middle .elementor-image-box-wrapper{align-items:center}.elementor-widget-image-box.elementor-vertical-align-bottom .elementor-image-box-wrapper{align-items:flex-end}}@media (max-width:767px){.elementor-widget-image-box .elementor-image-box-img{margin-left:auto!important;margin-right:auto!important;margin-bottom:15px}}.elementor-widget-image-box .elementor-image-box-img{display:inline-block}.elementor-widget-image-box .elementor-image-box-title a{color:inherit}.elementor-widget-image-box .elementor-image-box-wrapper{text-align:center}.elementor-widget-image-box .elementor-image-box-description{margin:0}<\/style><div class=\"elementor-image-box-wrapper\"><figure class=\"elementor-image-box-img\"><a href=\"http:\/\/www.pmotraducciones.com\/en\/traducciones-en-lima\/traduccion-certificada\/\"><img loading=\"lazy\" decoding=\"async\" width=\"88\" height=\"70\" src=\"http:\/\/www.pmotraducciones.com\/wp-content\/uploads\/2021\/11\/icon-01.png\" class=\"attachment-full size-full wp-image-1305\" alt=\"\" \/><\/a><\/figure><div class=\"elementor-image-box-content\"><h6 class=\"elementor-image-box-title\"><a href=\"http:\/\/www.pmotraducciones.com\/en\/traducciones-en-lima\/traduccion-certificada\/\">Certified Translation<\/a><\/h6><\/div><\/div>\t\t<\/div>\n\t\t\t\t<\/div>\n\t\t\t\t<div class=\"elementor-element elementor-element-2adc6d1 elementor-position-left elementor-vertical-align-middle elementor-widget elementor-widget-image-box\" data-id=\"2adc6d1\" data-element_type=\"widget\" data-widget_type=\"image-box.default\">\n\t\t\t\t<div class=\"elementor-widget-container\">\n\t\t\t<div class=\"elementor-image-box-wrapper\"><figure class=\"elementor-image-box-img\"><a href=\"http:\/\/www.pmotraducciones.com\/en\/traducciones-en-lima\/traduccion-certificada-digital\/\"><img loading=\"lazy\" decoding=\"async\" width=\"88\" height=\"70\" src=\"http:\/\/www.pmotraducciones.com\/wp-content\/uploads\/2021\/11\/icon-01.png\" class=\"attachment-full size-full wp-image-1305\" alt=\"\" \/><\/a><\/figure><div class=\"elementor-image-box-content\"><h6 class=\"elementor-image-box-title\"><a href=\"http:\/\/www.pmotraducciones.com\/en\/traducciones-en-lima\/traduccion-certificada-digital\/\">Digital Certified Translation<\/a><\/h6><\/div><\/div>\t\t<\/div>\n\t\t\t\t<\/div>\n\t\t\t\t<div class=\"elementor-element elementor-element-15eb4bce elementor-position-left elementor-vertical-align-middle elementor-widget elementor-widget-image-box\" data-id=\"15eb4bce\" data-element_type=\"widget\" data-widget_type=\"image-box.default\">\n\t\t\t\t<div class=\"elementor-widget-container\">\n\t\t\t<div class=\"elementor-image-box-wrapper\"><figure class=\"elementor-image-box-img\"><a href=\"http:\/\/www.pmotraducciones.com\/en\/traducciones-en-lima\/traduccion-simple\/\"><img loading=\"lazy\" decoding=\"async\" width=\"77\" height=\"70\" src=\"http:\/\/www.pmotraducciones.com\/wp-content\/uploads\/2021\/11\/icon-02.png\" class=\"attachment-full size-full wp-image-1307\" alt=\"\" \/><\/a><\/figure><div class=\"elementor-image-box-content\"><h6 class=\"elementor-image-box-title\"><a href=\"http:\/\/www.pmotraducciones.com\/en\/traducciones-en-lima\/traduccion-simple\/\">Simple Translation<\/a><\/h6><\/div><\/div>\t\t<\/div>\n\t\t\t\t<\/div>\n\t\t\t\t<div class=\"elementor-element elementor-element-3656afc2 elementor-position-left elementor-vertical-align-middle elementor-widget elementor-widget-image-box\" data-id=\"3656afc2\" data-element_type=\"widget\" data-widget_type=\"image-box.default\">\n\t\t\t\t<div class=\"elementor-widget-container\">\n\t\t\t<div class=\"elementor-image-box-wrapper\"><figure class=\"elementor-image-box-img\"><a href=\"http:\/\/www.pmotraducciones.com\/en\/traducciones-en-lima\/traduccion-express\/\"><img loading=\"lazy\" decoding=\"async\" width=\"73\" height=\"70\" src=\"http:\/\/www.pmotraducciones.com\/wp-content\/uploads\/2021\/11\/icon-03.png\" class=\"attachment-full size-full wp-image-1308\" alt=\"\" \/><\/a><\/figure><div class=\"elementor-image-box-content\"><h6 class=\"elementor-image-box-title\"><a href=\"http:\/\/www.pmotraducciones.com\/en\/traducciones-en-lima\/traduccion-express\/\">Express Translation<\/a><\/h6><\/div><\/div>\t\t<\/div>\n\t\t\t\t<\/div>\n\t\t\t\t<div class=\"elementor-element elementor-element-3cefd552 elementor-position-left elementor-vertical-align-middle elementor-widget elementor-widget-image-box\" data-id=\"3cefd552\" data-element_type=\"widget\" data-widget_type=\"image-box.default\">\n\t\t\t\t<div class=\"elementor-widget-container\">\n\t\t\t<div class=\"elementor-image-box-wrapper\"><figure class=\"elementor-image-box-img\"><a href=\"http:\/\/www.pmotraducciones.com\/en\/traducciones-en-lima\/traduccion-especializada\/\"><img loading=\"lazy\" decoding=\"async\" width=\"71\" height=\"70\" src=\"http:\/\/www.pmotraducciones.com\/wp-content\/uploads\/2021\/11\/icon-04.png\" class=\"attachment-full size-full wp-image-1309\" alt=\"\" \/><\/a><\/figure><div class=\"elementor-image-box-content\"><h6 class=\"elementor-image-box-title\"><a href=\"http:\/\/www.pmotraducciones.com\/en\/traducciones-en-lima\/traduccion-especializada\/\">Specialized Translation<\/a><\/h6><\/div><\/div>\t\t<\/div>\n\t\t\t\t<\/div>\n\t\t\t\t<div class=\"elementor-element elementor-element-2476ed16 elementor-position-left elementor-vertical-align-middle elementor-widget elementor-widget-image-box\" data-id=\"2476ed16\" data-element_type=\"widget\" data-widget_type=\"image-box.default\">\n\t\t\t\t<div class=\"elementor-widget-container\">\n\t\t\t<div class=\"elementor-image-box-wrapper\"><figure class=\"elementor-image-box-img\"><a href=\"http:\/\/www.pmotraducciones.com\/en\/traducciones-en-lima\/traduccion-de-audio-y-video\/\"><img loading=\"lazy\" decoding=\"async\" width=\"98\" height=\"70\" src=\"http:\/\/www.pmotraducciones.com\/wp-content\/uploads\/2021\/11\/icon-05.png\" class=\"attachment-full size-full wp-image-1310\" alt=\"\" \/><\/a><\/figure><div class=\"elementor-image-box-content\"><h6 class=\"elementor-image-box-title\"><a href=\"http:\/\/www.pmotraducciones.com\/en\/traducciones-en-lima\/traduccion-de-audio-y-video\/\">Audio and Video Translation<\/a><\/h6><\/div><\/div>\t\t<\/div>\n\t\t\t\t<\/div>\n\t\t\t\t<div class=\"elementor-element elementor-element-45277e8e elementor-position-left elementor-vertical-align-middle elementor-widget elementor-widget-image-box\" data-id=\"45277e8e\" data-element_type=\"widget\" data-widget_type=\"image-box.default\">\n\t\t\t\t<div class=\"elementor-widget-container\">\n\t\t\t<div class=\"elementor-image-box-wrapper\"><figure class=\"elementor-image-box-img\"><a href=\"http:\/\/www.pmotraducciones.com\/en\/traducciones-en-lima\/revision-de-documentos\/\"><img loading=\"lazy\" decoding=\"async\" width=\"72\" height=\"70\" src=\"http:\/\/www.pmotraducciones.com\/wp-content\/uploads\/2021\/11\/icon-06.png\" class=\"attachment-full size-full wp-image-1311\" alt=\"\" \/><\/a><\/figure><div class=\"elementor-image-box-content\"><h6 class=\"elementor-image-box-title\"><a href=\"http:\/\/www.pmotraducciones.com\/en\/traducciones-en-lima\/revision-de-documentos\/\">Document Review<\/a><\/h6><\/div><\/div>\t\t<\/div>\n\t\t\t\t<\/div>\n\t\t\t\t<div class=\"elementor-element elementor-element-11107ca elementor-position-left elementor-vertical-align-middle elementor-widget elementor-widget-image-box\" data-id=\"11107ca\" data-element_type=\"widget\" data-widget_type=\"image-box.default\">\n\t\t\t\t<div class=\"elementor-widget-container\">\n\t\t\t<div class=\"elementor-image-box-wrapper\"><figure class=\"elementor-image-box-img\"><a href=\"http:\/\/www.pmotraducciones.com\/en\/traducciones-en-lima\/interpretaciones\/\"><img loading=\"lazy\" decoding=\"async\" width=\"98\" height=\"70\" src=\"http:\/\/www.pmotraducciones.com\/wp-content\/uploads\/2021\/11\/icon-05.png\" class=\"attachment-full size-full wp-image-1310\" alt=\"\" \/><\/a><\/figure><div class=\"elementor-image-box-content\"><h6 class=\"elementor-image-box-title\"><a href=\"http:\/\/www.pmotraducciones.com\/en\/traducciones-en-lima\/interpretaciones\/\">Interpretations<\/a><\/h6><\/div><\/div>\t\t<\/div>\n\t\t\t\t<\/div>\n\t\t\t\t\t<\/div>\n\t\t<\/div>\n\t\t\t\t<div class=\"elementor-column elementor-col-66 elementor-top-column elementor-element elementor-element-67fadc90\" data-id=\"67fadc90\" data-element_type=\"column\">\n\t\t\t<div class=\"elementor-widget-wrap elementor-element-populated\">\n\t\t\t\t\t\t\t\t<div class=\"elementor-element elementor-element-e434dff elementor-widget elementor-widget-image\" data-id=\"e434dff\" data-element_type=\"widget\" data-widget_type=\"image.default\">\n\t\t\t\t<div class=\"elementor-widget-container\">\n\t\t\t<style>\/*! elementor - v3.10.1 - 17-01-2023 *\/\n.elementor-widget-image{text-align:center}.elementor-widget-image a{display:inline-block}.elementor-widget-image a img[src$=\".svg\"]{width:48px}.elementor-widget-image img{vertical-align:middle;display:inline-block}<\/style>\t\t\t\t\t\t\t\t\t\t\t\t<img loading=\"lazy\" decoding=\"async\" width=\"964\" height=\"194\" src=\"http:\/\/www.pmotraducciones.com\/wp-content\/uploads\/2021\/11\/bn-interpretes.png\" class=\"attachment-large size-large wp-image-2032\" alt=\"\" srcset=\"http:\/\/www.pmotraducciones.com\/wp-content\/uploads\/2021\/11\/bn-interpretes.png 964w, http:\/\/www.pmotraducciones.com\/wp-content\/uploads\/2021\/11\/bn-interpretes-300x60.png 300w, http:\/\/www.pmotraducciones.com\/wp-content\/uploads\/2021\/11\/bn-interpretes-768x155.png 768w\" sizes=\"auto, (max-width: 964px) 100vw, 964px\" \/>\t\t\t\t\t\t\t\t\t\t\t\t\t\t\t<\/div>\n\t\t\t\t<\/div>\n\t\t\t\t<div class=\"elementor-element elementor-element-34de625 elementor-widget elementor-widget-image\" data-id=\"34de625\" data-element_type=\"widget\" data-widget_type=\"image.default\">\n\t\t\t\t<div class=\"elementor-widget-container\">\n\t\t\t\t\t\t\t\t\t\t\t\t\t\t\t<img loading=\"lazy\" decoding=\"async\" width=\"98\" height=\"70\" src=\"http:\/\/www.pmotraducciones.com\/wp-content\/uploads\/2021\/11\/icon-05.png\" class=\"attachment-large size-large wp-image-1310\" alt=\"\" \/>\t\t\t\t\t\t\t\t\t\t\t\t\t\t\t<\/div>\n\t\t\t\t<\/div>\n\t\t\t\t<div class=\"elementor-element elementor-element-291008f4 elementor-widget elementor-widget-heading\" data-id=\"291008f4\" data-element_type=\"widget\" data-widget_type=\"heading.default\">\n\t\t\t\t<div class=\"elementor-widget-container\">\n\t\t\t<h4 class=\"elementor-heading-title elementor-size-default\">Interpretations<\/h4>\t\t<\/div>\n\t\t\t\t<\/div>\n\t\t\t\t<div class=\"elementor-element elementor-element-28529148 elementor-widget elementor-widget-text-editor\" data-id=\"28529148\" data-element_type=\"widget\" data-widget_type=\"text-editor.default\">\n\t\t\t\t<div class=\"elementor-widget-container\">\n\t\t\t<style>\/*! elementor - v3.10.1 - 17-01-2023 *\/\n.elementor-widget-text-editor.elementor-drop-cap-view-stacked .elementor-drop-cap{background-color:#818a91;color:#fff}.elementor-widget-text-editor.elementor-drop-cap-view-framed .elementor-drop-cap{color:#818a91;border:3px solid;background-color:transparent}.elementor-widget-text-editor:not(.elementor-drop-cap-view-default) .elementor-drop-cap{margin-top:8px}.elementor-widget-text-editor:not(.elementor-drop-cap-view-default) .elementor-drop-cap-letter{width:1em;height:1em}.elementor-widget-text-editor .elementor-drop-cap{float:left;text-align:center;line-height:1;font-size:50px}.elementor-widget-text-editor .elementor-drop-cap-letter{display:inline-block}<\/style>\t\t\t\t<p>We understand your need and urgency, we know that you cannot wait and you need fast and quality service. At Global Translation we work 24 \u00d7 7 carrying out ...<\/p>\t\t\t\t\t\t<\/div>\n\t\t\t\t<\/div>\n\t\t\t\t\t<\/div>\n\t\t<\/div>\n\t\t\t\t\t\t\t<\/div>\n\t\t<\/section>\n\t\t\t\t\t\t\t<\/div>","protected":false},"excerpt":{"rendered":"<p>Nuestro Servicios Traducci\u00f3n Certificada F\u00edsica Traducci\u00f3n Certificada Digital Traducci\u00f3n Simple Traducci\u00f3n Express Traducci\u00f3n Especializada Proceso de Audio y Video Revisi\u00f3n de Documentos Interpretaciones Interpretaciones Comprendemos su necesidad y urgencia, sabemos que no puede esperar y necesita un servicio r\u00e1pido y de calidad. En Global Translation trabajamos 24\u00d77 realizando\u2026<\/p>","protected":false},"author":1,"featured_media":0,"parent":476,"menu_order":0,"comment_status":"closed","ping_status":"closed","template":"","meta":{"site-sidebar-layout":"no-sidebar","site-content-layout":"page-builder","ast-global-header-display":"","ast-main-header-display":"","ast-hfb-above-header-display":"","ast-hfb-below-header-display":"","ast-hfb-mobile-header-display":"","site-post-title":"disabled","ast-breadcrumbs-content":"","ast-featured-img":"disabled","footer-sml-layout":"","theme-transparent-header-meta":"","adv-header-id-meta":"","stick-header-meta":"","header-above-stick-meta":"","header-main-stick-meta":"","header-below-stick-meta":"","_joinchat":[],"footnotes":""},"class_list":["post-1395","page","type-page","status-publish","hentry"],"yoast_head":"<!-- This site is optimized with the Yoast SEO plugin v20.0 - https:\/\/yoast.com\/wordpress\/plugins\/seo\/ -->\n<title>Interpretaciones - PMO Traducciones<\/title>\n<meta name=\"robots\" content=\"index, follow, max-snippet:-1, max-image-preview:large, max-video-preview:-1\" \/>\n<link rel=\"canonical\" href=\"http:\/\/www.pmotraducciones.com\/en\/traducciones-en-lima\/interpretaciones\/\" \/>\n<meta property=\"og:locale\" content=\"en_US\" \/>\n<meta property=\"og:type\" content=\"article\" \/>\n<meta property=\"og:title\" content=\"Interpretaciones - PMO Traducciones\" \/>\n<meta property=\"og:description\" content=\"Nuestro Servicios Traducci\u00f3n Certificada F\u00edsica Traducci\u00f3n Certificada Digital Traducci\u00f3n Simple Traducci\u00f3n Express Traducci\u00f3n Especializada Proceso de Audio y Video Revisi\u00f3n de Documentos Interpretaciones Interpretaciones Comprendemos su necesidad y urgencia, sabemos que no puede esperar y necesita un servicio r\u00e1pido y de calidad. En Global Translation trabajamos 24\u00d77 realizando\u2026\" \/>\n<meta property=\"og:url\" content=\"http:\/\/www.pmotraducciones.com\/en\/traducciones-en-lima\/interpretaciones\/\" \/>\n<meta property=\"og:site_name\" content=\"PMO Traducciones\" \/>\n<meta property=\"article:modified_time\" content=\"2021-11-30T21:50:41+00:00\" \/>\n<meta property=\"og:image\" content=\"https:\/\/www.pmotraducciones.com\/wp-content\/uploads\/2021\/11\/icon-01.png\" \/>\n<meta name=\"twitter:card\" content=\"summary_large_image\" \/>\n<script type=\"application\/ld+json\" class=\"yoast-schema-graph\">{\"@context\":\"https:\/\/schema.org\",\"@graph\":[{\"@type\":\"WebPage\",\"@id\":\"http:\/\/www.pmotraducciones.com\/en\/traducciones-en-lima\/interpretaciones\/\",\"url\":\"http:\/\/www.pmotraducciones.com\/en\/traducciones-en-lima\/interpretaciones\/\",\"name\":\"Interpretaciones - PMO Traducciones\",\"isPartOf\":{\"@id\":\"https:\/\/www.pmotraducciones.com\/#website\"},\"datePublished\":\"2021-11-26T22:09:10+00:00\",\"dateModified\":\"2021-11-30T21:50:41+00:00\",\"breadcrumb\":{\"@id\":\"http:\/\/www.pmotraducciones.com\/en\/traducciones-en-lima\/interpretaciones\/#breadcrumb\"},\"inLanguage\":\"en-US\",\"potentialAction\":[{\"@type\":\"ReadAction\",\"target\":[\"http:\/\/www.pmotraducciones.com\/en\/traducciones-en-lima\/interpretaciones\/\"]}]},{\"@type\":\"BreadcrumbList\",\"@id\":\"http:\/\/www.pmotraducciones.com\/en\/traducciones-en-lima\/interpretaciones\/#breadcrumb\",\"itemListElement\":[{\"@type\":\"ListItem\",\"position\":1,\"name\":\"Portada\",\"item\":\"https:\/\/www.pmotraducciones.com\/en\/\"},{\"@type\":\"ListItem\",\"position\":2,\"name\":\"Traducciones en Lima\",\"item\":\"https:\/\/www.pmotraducciones.com\/en\/traducciones-en-lima\/\"},{\"@type\":\"ListItem\",\"position\":3,\"name\":\"Interpretaciones\"}]},{\"@type\":\"WebSite\",\"@id\":\"https:\/\/www.pmotraducciones.com\/#website\",\"url\":\"https:\/\/www.pmotraducciones.com\/\",\"name\":\"PMO Traducciones\",\"description\":\"Servicio de Traducciones Certificadas\",\"publisher\":{\"@id\":\"https:\/\/www.pmotraducciones.com\/#organization\"},\"potentialAction\":[{\"@type\":\"SearchAction\",\"target\":{\"@type\":\"EntryPoint\",\"urlTemplate\":\"https:\/\/www.pmotraducciones.com\/?s={search_term_string}\"},\"query-input\":\"required name=search_term_string\"}],\"inLanguage\":\"en-US\"},{\"@type\":\"Organization\",\"@id\":\"https:\/\/www.pmotraducciones.com\/#organization\",\"name\":\"PMO Traducciones\",\"url\":\"https:\/\/www.pmotraducciones.com\/\",\"logo\":{\"@type\":\"ImageObject\",\"inLanguage\":\"en-US\",\"@id\":\"https:\/\/www.pmotraducciones.com\/#\/schema\/logo\/image\/\",\"url\":\"http:\/\/www.pmotraducciones.com\/wp-content\/uploads\/2021\/11\/cropped-LOGO-PMOP.png\",\"contentUrl\":\"http:\/\/www.pmotraducciones.com\/wp-content\/uploads\/2021\/11\/cropped-LOGO-PMOP.png\",\"width\":827,\"height\":338,\"caption\":\"PMO Traducciones\"},\"image\":{\"@id\":\"https:\/\/www.pmotraducciones.com\/#\/schema\/logo\/image\/\"}}]}<\/script>\n<!-- \/ Yoast SEO plugin. -->","yoast_head_json":{"title":"Interpretaciones - PMO Traducciones","robots":{"index":"index","follow":"follow","max-snippet":"max-snippet:-1","max-image-preview":"max-image-preview:large","max-video-preview":"max-video-preview:-1"},"canonical":"http:\/\/www.pmotraducciones.com\/en\/traducciones-en-lima\/interpretaciones\/","og_locale":"en_US","og_type":"article","og_title":"Interpretaciones - PMO Traducciones","og_description":"Nuestro Servicios Traducci\u00f3n Certificada F\u00edsica Traducci\u00f3n Certificada Digital Traducci\u00f3n Simple Traducci\u00f3n Express Traducci\u00f3n Especializada Proceso de Audio y Video Revisi\u00f3n de Documentos Interpretaciones Interpretaciones Comprendemos su necesidad y urgencia, sabemos que no puede esperar y necesita un servicio r\u00e1pido y de calidad. En Global Translation trabajamos 24\u00d77 realizando\u2026","og_url":"http:\/\/www.pmotraducciones.com\/en\/traducciones-en-lima\/interpretaciones\/","og_site_name":"PMO Traducciones","article_modified_time":"2021-11-30T21:50:41+00:00","og_image":[{"url":"https:\/\/www.pmotraducciones.com\/wp-content\/uploads\/2021\/11\/icon-01.png"}],"twitter_card":"summary_large_image","schema":{"@context":"https:\/\/schema.org","@graph":[{"@type":"WebPage","@id":"http:\/\/www.pmotraducciones.com\/en\/traducciones-en-lima\/interpretaciones\/","url":"http:\/\/www.pmotraducciones.com\/en\/traducciones-en-lima\/interpretaciones\/","name":"Interpretaciones - PMO Traducciones","isPartOf":{"@id":"https:\/\/www.pmotraducciones.com\/#website"},"datePublished":"2021-11-26T22:09:10+00:00","dateModified":"2021-11-30T21:50:41+00:00","breadcrumb":{"@id":"http:\/\/www.pmotraducciones.com\/en\/traducciones-en-lima\/interpretaciones\/#breadcrumb"},"inLanguage":"en-US","potentialAction":[{"@type":"ReadAction","target":["http:\/\/www.pmotraducciones.com\/en\/traducciones-en-lima\/interpretaciones\/"]}]},{"@type":"BreadcrumbList","@id":"http:\/\/www.pmotraducciones.com\/en\/traducciones-en-lima\/interpretaciones\/#breadcrumb","itemListElement":[{"@type":"ListItem","position":1,"name":"Portada","item":"https:\/\/www.pmotraducciones.com\/en\/"},{"@type":"ListItem","position":2,"name":"Traducciones en Lima","item":"https:\/\/www.pmotraducciones.com\/en\/traducciones-en-lima\/"},{"@type":"ListItem","position":3,"name":"Interpretaciones"}]},{"@type":"WebSite","@id":"https:\/\/www.pmotraducciones.com\/#website","url":"https:\/\/www.pmotraducciones.com\/","name":"PMO Traducciones","description":"Servicio de Traducciones Certificadas","publisher":{"@id":"https:\/\/www.pmotraducciones.com\/#organization"},"potentialAction":[{"@type":"SearchAction","target":{"@type":"EntryPoint","urlTemplate":"https:\/\/www.pmotraducciones.com\/?s={search_term_string}"},"query-input":"required name=search_term_string"}],"inLanguage":"en-US"},{"@type":"Organization","@id":"https:\/\/www.pmotraducciones.com\/#organization","name":"PMO Traducciones","url":"https:\/\/www.pmotraducciones.com\/","logo":{"@type":"ImageObject","inLanguage":"en-US","@id":"https:\/\/www.pmotraducciones.com\/#\/schema\/logo\/image\/","url":"http:\/\/www.pmotraducciones.com\/wp-content\/uploads\/2021\/11\/cropped-LOGO-PMOP.png","contentUrl":"http:\/\/www.pmotraducciones.com\/wp-content\/uploads\/2021\/11\/cropped-LOGO-PMOP.png","width":827,"height":338,"caption":"PMO Traducciones"},"image":{"@id":"https:\/\/www.pmotraducciones.com\/#\/schema\/logo\/image\/"}}]}},"_links":{"self":[{"href":"http:\/\/www.pmotraducciones.com\/en\/wp-json\/wp\/v2\/pages\/1395","targetHints":{"allow":["GET"]}}],"collection":[{"href":"http:\/\/www.pmotraducciones.com\/en\/wp-json\/wp\/v2\/pages"}],"about":[{"href":"http:\/\/www.pmotraducciones.com\/en\/wp-json\/wp\/v2\/types\/page"}],"author":[{"embeddable":true,"href":"http:\/\/www.pmotraducciones.com\/en\/wp-json\/wp\/v2\/users\/1"}],"replies":[{"embeddable":true,"href":"http:\/\/www.pmotraducciones.com\/en\/wp-json\/wp\/v2\/comments?post=1395"}],"version-history":[{"count":34,"href":"http:\/\/www.pmotraducciones.com\/en\/wp-json\/wp\/v2\/pages\/1395\/revisions"}],"predecessor-version":[{"id":2035,"href":"http:\/\/www.pmotraducciones.com\/en\/wp-json\/wp\/v2\/pages\/1395\/revisions\/2035"}],"up":[{"embeddable":true,"href":"http:\/\/www.pmotraducciones.com\/en\/wp-json\/wp\/v2\/pages\/476"}],"wp:attachment":[{"href":"http:\/\/www.pmotraducciones.com\/en\/wp-json\/wp\/v2\/media?parent=1395"}],"curies":[{"name":"wp","href":"https:\/\/api.w.org\/{rel}","templated":true}]}}